{"id":1752,"date":"2024-11-29T13:14:13","date_gmt":"2024-11-29T12:14:13","guid":{"rendered":"https:\/\/vagosmetalfest.com\/?page_id=1752"},"modified":"2025-12-10T16:50:38","modified_gmt":"2025-12-10T15:50:38","slug":"glamping","status":"publish","type":"page","link":"http:\/\/vagosmetalfest.com\/es\/glamping\/","title":{"rendered":"Glamping"},"content":{"rendered":"\t\t<div data-elementor-type=\"wp-page\" data-elementor-id=\"1752\" class=\"elementor elementor-1752 elementor-1750\" data-elementor-post-type=\"page\">\n\t\t\t\t<div class=\"elementor-element elementor-element-5e747ce6 e-flex e-con-boxed e-con e-parent\" data-id=\"5e747ce6\" data-element_type=\"container\" data-settings=\"{&quot;background_background&quot;:&quot;gradient&quot;}\">\n\t\t\t\t\t<div class=\"e-con-inner\">\n\t\t<div class=\"elementor-element elementor-element-51426c5 e-con-full e-flex e-con e-child\" data-id=\"51426c5\" data-element_type=\"container\">\n\t\t<div class=\"elementor-element elementor-element-733dd0cc e-con-full e-flex e-con e-child\" data-id=\"733dd0cc\" data-element_type=\"container\">\n\t\t\t\t<div class=\"elementor-element elementor-element-30d67d5 elementor-widget elementor-widget-image\" data-id=\"30d67d5\" data-element_type=\"widget\" data-widget_type=\"image.default\">\n\t\t\t\t<div class=\"elementor-widget-container\">\n\t\t\t\t\t\t\t\t\t\t\t\t\t\t\t<img loading=\"lazy\" decoding=\"async\" width=\"2232\" height=\"156\" src=\"http:\/\/vagosmetalfest.com\/wp-content\/uploads\/2025\/10\/data-local.png\" class=\"attachment-full size-full wp-image-2539\" alt=\"\" srcset=\"http:\/\/vagosmetalfest.com\/wp-content\/uploads\/2025\/10\/data-local.png 2232w, http:\/\/vagosmetalfest.com\/wp-content\/uploads\/2025\/10\/data-local-300x21.png 300w, http:\/\/vagosmetalfest.com\/wp-content\/uploads\/2025\/10\/data-local-1024x72.png 1024w, http:\/\/vagosmetalfest.com\/wp-content\/uploads\/2025\/10\/data-local-768x54.png 768w, http:\/\/vagosmetalfest.com\/wp-content\/uploads\/2025\/10\/data-local-1536x107.png 1536w, http:\/\/vagosmetalfest.com\/wp-content\/uploads\/2025\/10\/data-local-2048x143.png 2048w\" sizes=\"auto, (max-width: 2232px) 100vw, 2232px\" \/>\t\t\t\t\t\t\t\t\t\t\t\t\t\t\t<\/div>\n\t\t\t\t<\/div>\n\t\t\t\t<\/div>\n\t\t\t\t<\/div>\n\t\t\t\t\t<\/div>\n\t\t\t\t<\/div>\n\t\t<div class=\"elementor-element elementor-element-13ce77e e-con-full e-flex e-con e-parent\" data-id=\"13ce77e\" data-element_type=\"container\" data-settings=\"{&quot;background_background&quot;:&quot;classic&quot;}\">\n\t\t<div class=\"elementor-element elementor-element-05d03e3 e-con-full e-flex e-con e-child\" data-id=\"05d03e3\" data-element_type=\"container\" data-settings=\"{&quot;background_background&quot;:&quot;gradient&quot;}\">\n\t\t<div class=\"elementor-element elementor-element-4a538b2 e-con-full e-flex e-con e-child\" data-id=\"4a538b2\" data-element_type=\"container\">\n\t\t<div class=\"elementor-element elementor-element-286f7ec e-con-full e-flex e-con e-child\" data-id=\"286f7ec\" data-element_type=\"container\">\n\t\t\t\t<div class=\"elementor-element elementor-element-a693d38 elementor-widget__width-initial elementor-arrows-position-inside elementor-widget elementor-widget-image-carousel\" data-id=\"a693d38\" data-element_type=\"widget\" data-settings=\"{&quot;slides_to_show&quot;:&quot;1&quot;,&quot;navigation&quot;:&quot;arrows&quot;,&quot;autoplay&quot;:&quot;yes&quot;,&quot;pause_on_hover&quot;:&quot;yes&quot;,&quot;pause_on_interaction&quot;:&quot;yes&quot;,&quot;autoplay_speed&quot;:5000,&quot;infinite&quot;:&quot;yes&quot;,&quot;effect&quot;:&quot;slide&quot;,&quot;speed&quot;:500}\" data-widget_type=\"image-carousel.default\">\n\t\t\t\t<div class=\"elementor-widget-container\">\n\t\t\t\t\t\t\t<div class=\"elementor-image-carousel-wrapper swiper\" role=\"region\" aria-roledescription=\"carousel\" aria-label=\"Carrossel de imagens\" dir=\"ltr\">\n\t\t\t<div class=\"elementor-image-carousel swiper-wrapper\" aria-live=\"off\">\n\t\t\t\t\t\t\t\t<div class=\"swiper-slide\" role=\"group\" aria-roledescription=\"slide\" aria-label=\"1 de 3\"><figure class=\"swiper-slide-inner\"><img decoding=\"async\" class=\"swiper-slide-image\" src=\"http:\/\/vagosmetalfest.com\/wp-content\/uploads\/2025\/02\/glamping_01_es.jpg\" alt=\"glamping_01_es\" \/><\/figure><\/div><div class=\"swiper-slide\" role=\"group\" aria-roledescription=\"slide\" aria-label=\"2 de 3\"><figure class=\"swiper-slide-inner\"><img decoding=\"async\" class=\"swiper-slide-image\" src=\"http:\/\/vagosmetalfest.com\/wp-content\/uploads\/2025\/02\/glamping_02_es.jpg\" alt=\"glamping_02_es\" \/><\/figure><\/div><div class=\"swiper-slide\" role=\"group\" aria-roledescription=\"slide\" aria-label=\"3 de 3\"><figure class=\"swiper-slide-inner\"><img decoding=\"async\" class=\"swiper-slide-image\" src=\"http:\/\/vagosmetalfest.com\/wp-content\/uploads\/2025\/02\/glamping_03_es.jpg\" alt=\"glamping_03_es\" \/><\/figure><\/div>\t\t\t<\/div>\n\t\t\t\t\t\t\t\t\t\t\t\t<div class=\"elementor-swiper-button elementor-swiper-button-prev\" role=\"button\" tabindex=\"0\">\n\t\t\t\t\t\t<svg aria-hidden=\"true\" class=\"e-font-icon-svg e-eicon-chevron-left\" viewBox=\"0 0 1000 1000\" xmlns=\"http:\/\/www.w3.org\/2000\/svg\"><path d=\"M646 125C629 125 613 133 604 142L308 442C296 454 292 471 292 487 292 504 296 521 308 533L604 854C617 867 629 875 646 875 663 875 679 871 692 858 704 846 713 829 713 812 713 796 708 779 692 767L438 487 692 225C700 217 708 204 708 187 708 171 704 154 692 142 675 129 663 125 646 125Z\"><\/path><\/svg>\t\t\t\t\t<\/div>\n\t\t\t\t\t<div class=\"elementor-swiper-button elementor-swiper-button-next\" role=\"button\" tabindex=\"0\">\n\t\t\t\t\t\t<svg aria-hidden=\"true\" class=\"e-font-icon-svg e-eicon-chevron-right\" viewBox=\"0 0 1000 1000\" xmlns=\"http:\/\/www.w3.org\/2000\/svg\"><path d=\"M696 533C708 521 713 504 713 487 713 471 708 454 696 446L400 146C388 133 375 125 354 125 338 125 325 129 313 142 300 154 292 171 292 187 292 204 296 221 308 233L563 492 304 771C292 783 288 800 288 817 288 833 296 850 308 863 321 871 338 875 354 875 371 875 388 867 400 854L696 533Z\"><\/path><\/svg>\t\t\t\t\t<\/div>\n\t\t\t\t\n\t\t\t\t\t\t\t\t\t<\/div>\n\t\t\t\t\t\t<\/div>\n\t\t\t\t<\/div>\n\t\t\t\t<\/div>\n\t\t<div class=\"elementor-element elementor-element-2c446f4 e-con-full e-flex e-con e-child\" data-id=\"2c446f4\" data-element_type=\"container\">\n\t\t\t\t<div class=\"elementor-element elementor-element-27a38d5 elementor-widget elementor-widget-heading\" data-id=\"27a38d5\" data-element_type=\"widget\" data-widget_type=\"heading.default\">\n\t\t\t\t<div class=\"elementor-widget-container\">\n\t\t\t\t\t<h1 class=\"elementor-heading-title elementor-size-default\">Glamping<\/h1>\t\t\t\t<\/div>\n\t\t\t\t<\/div>\n\t\t\t\t<div class=\"elementor-element elementor-element-4dd0de8 elementor-widget elementor-widget-text-editor\" data-id=\"4dd0de8\" data-element_type=\"widget\" data-widget_type=\"text-editor.default\">\n\t\t\t\t<div class=\"elementor-widget-container\">\n\t\t\t\t\t\t\t\t\t<p dir=\"auto\" data-pm-slice=\"1 1 []\">Sol, calor, metal y una tienda glamping DOMO son el escenario ideal para que disfrutes de tu festival favorito con todo el confort y bienestar que te mereces. Tanto si vienes en pareja, con amigos o en familia, DOMO CAMP te ofrece la soluci\u00f3n perfecta para hacer de esta edici\u00f3n del Vagos Metal Fest una experiencia \u00fanica. Echa un vistazo a nuestras opciones de tiendas de campa\u00f1a a continuaci\u00f3n y \u00a1reserva ya tu habitaci\u00f3n bajo las estrellas!<\/p>\t\t\t\t\t\t\t\t<\/div>\n\t\t\t\t<\/div>\n\t\t\t\t<\/div>\n\t\t\t\t<\/div>\n\t\t<div class=\"elementor-element elementor-element-bb4c4fa e-con-full e-flex e-con e-child\" data-id=\"bb4c4fa\" data-element_type=\"container\">\n\t\t<div class=\"elementor-element elementor-element-e6cb202 e-con-full e-flex e-con e-child\" data-id=\"e6cb202\" data-element_type=\"container\" data-settings=\"{&quot;background_background&quot;:&quot;classic&quot;}\">\n\t\t\t\t<div class=\"elementor-element elementor-element-2fe1f48 elementor-widget elementor-widget-html\" data-id=\"2fe1f48\" data-element_type=\"widget\" data-widget_type=\"html.default\">\n\t\t\t\t<div class=\"elementor-widget-container\">\n\t\t\t\t\t<link rel=\"stylesheet\" type=\"text\/css\" href=\"https:\/\/pretix.eu\/domocamportugal\/2026\/widget\/v2.css\" crossorigin> <script type=\"text\/javascript\" src=\"https:\/\/pretix.eu\/widget\/v2.en.js\" async crossorigin><\/script>\n\n\n<div class=\"pretix-widget-compat\" event=\"https:\/\/pretix.eu\/domocamportugal\/2026\/\" subevent=\"4717658\"><\/div> <noscript> <div class=\"pretix-widget\"> <div class=\"pretix-widget-info-message\"> JavaScript is disabled in your browser. To access our ticket shop without JavaScript, please <a target=\"_blank\" rel=\"noopener\" href=\"https:\/\/pretix.eu\/domocamportugal\/2026\/4717658\/\">click here<\/a>. <\/div> <\/div> <\/noscript>\t\t\t\t<\/div>\n\t\t\t\t<\/div>\n\t\t\t\t<\/div>\n\t\t\t\t<\/div>\n\t\t\t\t<\/div>\n\t\t\t\t<\/div>\n\t\t\t\t<\/div>\n\t\t","protected":false},"excerpt":{"rendered":"<p>Sol, calor, metal y una tienda glamping DOMO son el escenario ideal para que disfrutes de tu festival favorito con todo el confort y bienestar que te mereces. Tanto si vienes en pareja, con amigos o en familia, DOMO CAMP te ofrece la soluci\u00f3n perfecta para hacer de esta edici\u00f3n del Vagos Metal Fest una [&hellip;]<\/p>\n","protected":false},"author":1,"featured_media":0,"parent":0,"menu_order":0,"comment_status":"closed","ping_status":"closed","template":"elementor_header_footer","meta":{"inline_featured_image":false,"footnotes":""},"class_list":["post-1752","page","type-page","status-publish","hentry"],"acf":[],"yoast_head":"<!-- This site is optimized with the Yoast SEO plugin v26.5 - https:\/\/yoast.com\/wordpress\/plugins\/seo\/ -->\n<title>Glamping - Vagos Metal Fest<\/title>\n<meta name=\"robots\" content=\"index, follow, max-snippet:-1, max-image-preview:large, max-video-preview:-1\" \/>\n<link rel=\"canonical\" href=\"http:\/\/vagosmetalfest.com\/es\/glamping\/\" \/>\n<meta property=\"og:locale\" content=\"es_ES\" \/>\n<meta property=\"og:type\" content=\"article\" \/>\n<meta property=\"og:title\" content=\"Glamping - Vagos Metal Fest\" \/>\n<meta property=\"og:description\" content=\"Sol, calor, metal y una tienda glamping DOMO son el escenario ideal para que disfrutes de tu festival favorito con todo el confort y bienestar que te mereces. Tanto si vienes en pareja, con amigos o en familia, DOMO CAMP te ofrece la soluci\u00f3n perfecta para hacer de esta edici\u00f3n del Vagos Metal Fest una [&hellip;]\" \/>\n<meta property=\"og:url\" content=\"http:\/\/vagosmetalfest.com\/es\/glamping\/\" \/>\n<meta property=\"og:site_name\" content=\"Vagos Metal Fest\" \/>\n<meta property=\"article:modified_time\" content=\"2025-12-10T15:50:38+00:00\" \/>\n<meta property=\"og:image\" content=\"http:\/\/vagosmetalfest.com\/wp-content\/uploads\/2025\/10\/data-local.png\" \/>\n<meta name=\"twitter:card\" content=\"summary_large_image\" \/>\n<meta name=\"twitter:label1\" content=\"Tiempo de lectura\" \/>\n\t<meta name=\"twitter:data1\" content=\"3 minutos\" \/>\n<script type=\"application\/ld+json\" class=\"yoast-schema-graph\">{\"@context\":\"https:\/\/schema.org\",\"@graph\":[{\"@type\":\"WebPage\",\"@id\":\"http:\/\/vagosmetalfest.com\/es\/glamping\/\",\"url\":\"http:\/\/vagosmetalfest.com\/es\/glamping\/\",\"name\":\"Glamping - Vagos Metal Fest\",\"isPartOf\":{\"@id\":\"http:\/\/vagosmetalfest.com\/es\/#website\"},\"primaryImageOfPage\":{\"@id\":\"http:\/\/vagosmetalfest.com\/es\/glamping\/#primaryimage\"},\"image\":{\"@id\":\"http:\/\/vagosmetalfest.com\/es\/glamping\/#primaryimage\"},\"thumbnailUrl\":\"http:\/\/vagosmetalfest.com\/wp-content\/uploads\/2025\/10\/data-local.png\",\"datePublished\":\"2024-11-29T12:14:13+00:00\",\"dateModified\":\"2025-12-10T15:50:38+00:00\",\"breadcrumb\":{\"@id\":\"http:\/\/vagosmetalfest.com\/es\/glamping\/#breadcrumb\"},\"inLanguage\":\"es\",\"potentialAction\":[{\"@type\":\"ReadAction\",\"target\":[\"http:\/\/vagosmetalfest.com\/es\/glamping\/\"]}]},{\"@type\":\"ImageObject\",\"inLanguage\":\"es\",\"@id\":\"http:\/\/vagosmetalfest.com\/es\/glamping\/#primaryimage\",\"url\":\"http:\/\/vagosmetalfest.com\/wp-content\/uploads\/2025\/10\/data-local.png\",\"contentUrl\":\"http:\/\/vagosmetalfest.com\/wp-content\/uploads\/2025\/10\/data-local.png\"},{\"@type\":\"BreadcrumbList\",\"@id\":\"http:\/\/vagosmetalfest.com\/es\/glamping\/#breadcrumb\",\"itemListElement\":[{\"@type\":\"ListItem\",\"position\":1,\"name\":\"In\u00edcio\",\"item\":\"https:\/\/vagosmetalfest.com\/es\/\"},{\"@type\":\"ListItem\",\"position\":2,\"name\":\"Glamping\"}]},{\"@type\":\"WebSite\",\"@id\":\"http:\/\/vagosmetalfest.com\/es\/#website\",\"url\":\"http:\/\/vagosmetalfest.com\/es\/\",\"name\":\"Vagos Metal Fest\",\"description\":\"\",\"publisher\":{\"@id\":\"http:\/\/vagosmetalfest.com\/es\/#organization\"},\"potentialAction\":[{\"@type\":\"SearchAction\",\"target\":{\"@type\":\"EntryPoint\",\"urlTemplate\":\"http:\/\/vagosmetalfest.com\/es\/?s={search_term_string}\"},\"query-input\":{\"@type\":\"PropertyValueSpecification\",\"valueRequired\":true,\"valueName\":\"search_term_string\"}}],\"inLanguage\":\"es\"},{\"@type\":\"Organization\",\"@id\":\"http:\/\/vagosmetalfest.com\/es\/#organization\",\"name\":\"Vagos Metal Fest\",\"url\":\"http:\/\/vagosmetalfest.com\/es\/\",\"logo\":{\"@type\":\"ImageObject\",\"inLanguage\":\"es\",\"@id\":\"http:\/\/vagosmetalfest.com\/es\/#\/schema\/logo\/image\/\",\"url\":\"http:\/\/vagosmetalfest.com\/wp-content\/uploads\/2024\/08\/Logo-VMF-2025.png\",\"contentUrl\":\"http:\/\/vagosmetalfest.com\/wp-content\/uploads\/2024\/08\/Logo-VMF-2025.png\",\"width\":3188,\"height\":1147,\"caption\":\"Vagos Metal Fest\"},\"image\":{\"@id\":\"http:\/\/vagosmetalfest.com\/es\/#\/schema\/logo\/image\/\"}}]}<\/script>\n<!-- \/ Yoast SEO plugin. -->","yoast_head_json":{"title":"Glamping - Vagos Metal Fest","robots":{"index":"index","follow":"follow","max-snippet":"max-snippet:-1","max-image-preview":"max-image-preview:large","max-video-preview":"max-video-preview:-1"},"canonical":"http:\/\/vagosmetalfest.com\/es\/glamping\/","og_locale":"es_ES","og_type":"article","og_title":"Glamping - Vagos Metal Fest","og_description":"Sol, calor, metal y una tienda glamping DOMO son el escenario ideal para que disfrutes de tu festival favorito con todo el confort y bienestar que te mereces. Tanto si vienes en pareja, con amigos o en familia, DOMO CAMP te ofrece la soluci\u00f3n perfecta para hacer de esta edici\u00f3n del Vagos Metal Fest una [&hellip;]","og_url":"http:\/\/vagosmetalfest.com\/es\/glamping\/","og_site_name":"Vagos Metal Fest","article_modified_time":"2025-12-10T15:50:38+00:00","og_image":[{"url":"http:\/\/vagosmetalfest.com\/wp-content\/uploads\/2025\/10\/data-local.png","type":"","width":"","height":""}],"twitter_card":"summary_large_image","twitter_misc":{"Tiempo de lectura":"3 minutos"},"schema":{"@context":"https:\/\/schema.org","@graph":[{"@type":"WebPage","@id":"http:\/\/vagosmetalfest.com\/es\/glamping\/","url":"http:\/\/vagosmetalfest.com\/es\/glamping\/","name":"Glamping - Vagos Metal Fest","isPartOf":{"@id":"http:\/\/vagosmetalfest.com\/es\/#website"},"primaryImageOfPage":{"@id":"http:\/\/vagosmetalfest.com\/es\/glamping\/#primaryimage"},"image":{"@id":"http:\/\/vagosmetalfest.com\/es\/glamping\/#primaryimage"},"thumbnailUrl":"http:\/\/vagosmetalfest.com\/wp-content\/uploads\/2025\/10\/data-local.png","datePublished":"2024-11-29T12:14:13+00:00","dateModified":"2025-12-10T15:50:38+00:00","breadcrumb":{"@id":"http:\/\/vagosmetalfest.com\/es\/glamping\/#breadcrumb"},"inLanguage":"es","potentialAction":[{"@type":"ReadAction","target":["http:\/\/vagosmetalfest.com\/es\/glamping\/"]}]},{"@type":"ImageObject","inLanguage":"es","@id":"http:\/\/vagosmetalfest.com\/es\/glamping\/#primaryimage","url":"http:\/\/vagosmetalfest.com\/wp-content\/uploads\/2025\/10\/data-local.png","contentUrl":"http:\/\/vagosmetalfest.com\/wp-content\/uploads\/2025\/10\/data-local.png"},{"@type":"BreadcrumbList","@id":"http:\/\/vagosmetalfest.com\/es\/glamping\/#breadcrumb","itemListElement":[{"@type":"ListItem","position":1,"name":"In\u00edcio","item":"https:\/\/vagosmetalfest.com\/es\/"},{"@type":"ListItem","position":2,"name":"Glamping"}]},{"@type":"WebSite","@id":"http:\/\/vagosmetalfest.com\/es\/#website","url":"http:\/\/vagosmetalfest.com\/es\/","name":"Vagos Metal Fest","description":"","publisher":{"@id":"http:\/\/vagosmetalfest.com\/es\/#organization"},"potentialAction":[{"@type":"SearchAction","target":{"@type":"EntryPoint","urlTemplate":"http:\/\/vagosmetalfest.com\/es\/?s={search_term_string}"},"query-input":{"@type":"PropertyValueSpecification","valueRequired":true,"valueName":"search_term_string"}}],"inLanguage":"es"},{"@type":"Organization","@id":"http:\/\/vagosmetalfest.com\/es\/#organization","name":"Vagos Metal Fest","url":"http:\/\/vagosmetalfest.com\/es\/","logo":{"@type":"ImageObject","inLanguage":"es","@id":"http:\/\/vagosmetalfest.com\/es\/#\/schema\/logo\/image\/","url":"http:\/\/vagosmetalfest.com\/wp-content\/uploads\/2024\/08\/Logo-VMF-2025.png","contentUrl":"http:\/\/vagosmetalfest.com\/wp-content\/uploads\/2024\/08\/Logo-VMF-2025.png","width":3188,"height":1147,"caption":"Vagos Metal Fest"},"image":{"@id":"http:\/\/vagosmetalfest.com\/es\/#\/schema\/logo\/image\/"}}]}},"_links":{"self":[{"href":"http:\/\/vagosmetalfest.com\/es\/wp-json\/wp\/v2\/pages\/1752","targetHints":{"allow":["GET"]}}],"collection":[{"href":"http:\/\/vagosmetalfest.com\/es\/wp-json\/wp\/v2\/pages"}],"about":[{"href":"http:\/\/vagosmetalfest.com\/es\/wp-json\/wp\/v2\/types\/page"}],"author":[{"embeddable":true,"href":"http:\/\/vagosmetalfest.com\/es\/wp-json\/wp\/v2\/users\/1"}],"replies":[{"embeddable":true,"href":"http:\/\/vagosmetalfest.com\/es\/wp-json\/wp\/v2\/comments?post=1752"}],"version-history":[{"count":32,"href":"http:\/\/vagosmetalfest.com\/es\/wp-json\/wp\/v2\/pages\/1752\/revisions"}],"predecessor-version":[{"id":3181,"href":"http:\/\/vagosmetalfest.com\/es\/wp-json\/wp\/v2\/pages\/1752\/revisions\/3181"}],"wp:attachment":[{"href":"http:\/\/vagosmetalfest.com\/es\/wp-json\/wp\/v2\/media?parent=1752"}],"curies":[{"name":"wp","href":"https:\/\/api.w.org\/{rel}","templated":true}]}}